{"id":78,"date":"2025-01-07T17:31:18","date_gmt":"2025-01-07T17:31:18","guid":{"rendered":"https:\/\/atanwa.com\/?page_id=78"},"modified":"2025-01-07T17:31:18","modified_gmt":"2025-01-07T17:31:18","slug":"email-privacy","status":"publish","type":"page","link":"https:\/\/atanwa.com\/fr\/email-privacy\/","title":{"rendered":"Email privacy"},"content":{"rendered":"<h1>Abonnez-vous en toute confiance.<\/h1>\n<h2>Nous prot\u00e9geons votre vie priv\u00e9e et votre bo\u00eete de r\u00e9ception.<\/h2>\n<h3>Qu'est-ce que cela signifie ?<\/h3>\n<p>Nous g\u00e9rons notre campagne de marketing par courrier \u00e9lectronique avec Mailerlite, un fournisseur leader de l'automatisation du marketing qui prot\u00e8ge votre vie priv\u00e9e.<\/p>\n<ul>\n<li class=\"translation-block\">Nous vous enverrons des e-mails <strong>si vous nous en donnez l'autorisation<\/strong> (en vous inscrivant \u00e0 notre liste de diffusion). Nous respecterons <strong>votre autorisation<\/strong>.<\/li>\n<li>Nous ne vous enverrons que des courriers \u00e9lectroniques en rapport avec ce \u00e0 quoi vous vous \u00eates inscrit et la raison de votre inscription.<\/li>\n<li>Nous nous conformerons aux r\u00e8gles et aux lois anti-spam telles que CAN-SPAM.<\/li>\n<li class=\"translation-block\">Vous pouvez <strong>vous d\u00e9sabonner quand vous le souhaitez <\/strong>d'un simple clic de souris.<\/li>\n<\/ul>\n<h3>&#8220;What If I Want To Unsubscribe?&#8221;<\/h3>\n<p class=\"translation-block\">\u00c0 la fin de chaque courriel que vous recevez de ce site Web, vous verrez un <strong>lien de d\u00e9sabonnement<\/strong>.<\/p>\n<p>Click on that link and you will see an unsubscribe page with <strong>two columns marked &#8220;Subscribed&#8221; and &#8220;Unsubscribed&#8221;<\/strong>.<\/p>\n<p>Click on the button in the &#8220;Unsubscribed&#8221; column. <strong>We will immediately and really unsubscribe you!<\/strong><\/p>","protected":false},"excerpt":{"rendered":"<p>Subscribe With Confidence. We protect Your Privacy and Inbox. What Does This Mean? We manage our email marketing campaign with [&hellip;]<\/p>","protected":false},"author":1,"featured_media":0,"parent":0,"menu_order":0,"comment_status":"closed","ping_status":"closed","template":"","meta":{"site-sidebar-layout":"no-sidebar","site-content-layout":"","ast-site-content-layout":"full-width-container","site-content-style":"default","site-sidebar-style":"default","ast-global-header-display":"","ast-banner-title-visibility":"","ast-main-header-display":"","ast-hfb-above-header-display":"","ast-hfb-below-header-display":"","ast-hfb-mobile-header-display":"","site-post-title":"disabled","ast-breadcrumbs-content":"","ast-featured-img":"","footer-sml-layout":"","theme-transparent-header-meta":"","adv-header-id-meta":"","stick-header-meta":"","header-above-stick-meta":"","header-main-stick-meta":"","header-below-stick-meta":"","astra-migrate-meta-layouts":"default","ast-page-background-enabled":"default","ast-page-background-meta":{"desktop":{"background-color":"var(--ast-global-color-5)","background-image":"","background-repeat":"repeat","background-position":"center center","background-size":"auto","background-attachment":"scroll","background-type":"","background-media":"","overlay-type":"","overlay-color":"","overlay-opacity":"","overlay-gradient":""},"tablet":{"background-color":"","background-image":"","background-repeat":"repeat","background-position":"center center","background-size":"auto","background-attachment":"scroll","background-type":"","background-media":"","overlay-type":"","overlay-color":"","overlay-opacity":"","overlay-gradient":""},"mobile":{"background-color":"","background-image":"","background-repeat":"repeat","background-position":"center center","background-size":"auto","background-attachment":"scroll","background-type":"","background-media":"","overlay-type":"","overlay-color":"","overlay-opacity":"","overlay-gradient":""}},"ast-content-background-meta":{"desktop":{"background-color":"var(--ast-global-color-4)","background-image":"","background-repeat":"repeat","background-position":"center center","background-size":"auto","background-attachment":"scroll","background-type":"","background-media":"","overlay-type":"","overlay-color":"","overlay-opacity":"","overlay-gradient":""},"tablet":{"background-color":"var(--ast-global-color-4)","background-image":"","background-repeat":"repeat","background-position":"center center","background-size":"auto","background-attachment":"scroll","background-type":"","background-media":"","overlay-type":"","overlay-color":"","overlay-opacity":"","overlay-gradient":""},"mobile":{"background-color":"var(--ast-global-color-4)","background-image":"","background-repeat":"repeat","background-position":"center center","background-size":"auto","background-attachment":"scroll","background-type":"","background-media":"","overlay-type":"","overlay-color":"","overlay-opacity":"","overlay-gradient":""}},"footnotes":""},"class_list":["post-78","page","type-page","status-publish","hentry"],"aioseo_notices":[],"_links":{"self":[{"href":"https:\/\/atanwa.com\/fr\/wp-json\/wp\/v2\/pages\/78","targetHints":{"allow":["GET"]}}],"collection":[{"href":"https:\/\/atanwa.com\/fr\/wp-json\/wp\/v2\/pages"}],"about":[{"href":"https:\/\/atanwa.com\/fr\/wp-json\/wp\/v2\/types\/page"}],"author":[{"embeddable":true,"href":"https:\/\/atanwa.com\/fr\/wp-json\/wp\/v2\/users\/1"}],"replies":[{"embeddable":true,"href":"https:\/\/atanwa.com\/fr\/wp-json\/wp\/v2\/comments?post=78"}],"version-history":[{"count":2,"href":"https:\/\/atanwa.com\/fr\/wp-json\/wp\/v2\/pages\/78\/revisions"}],"predecessor-version":[{"id":81,"href":"https:\/\/atanwa.com\/fr\/wp-json\/wp\/v2\/pages\/78\/revisions\/81"}],"wp:attachment":[{"href":"https:\/\/atanwa.com\/fr\/wp-json\/wp\/v2\/media?parent=78"}],"curies":[{"name":"wp","href":"https:\/\/api.w.org\/{rel}","templated":true}]}}